{"id":294,"date":"2014-09-11T22:06:14","date_gmt":"2014-09-11T21:06:14","guid":{"rendered":"http:\/\/parachute-club-cannes.com\/?page_id=294"},"modified":"2020-12-17T12:41:15","modified_gmt":"2020-12-17T11:41:15","slug":"le-luc-cannet-des-maures","status":"publish","type":"page","link":"https:\/\/www.parachute-club-cannes.com\/en\/le-luc-cannet-des-maures\/","title":{"rendered":"Le Luc \u2013 Cannet des Maures"},"content":{"rendered":"<p><iframe loading=\"lazy\" src=\"https:\/\/www.google.com\/maps\/embed?pb=!1m14!1m8!1m3!1d11598.180380321193!2d6.377321!3d43.386535!3m2!1i1024!2i768!4f13.1!3m3!1m2!1s0x0%3A0xd17eabe5587cf0ab!2sParachute%20Club%20de%20Cannes!5e0!3m2!1sfr!2sfr!4v1608205206091!5m2!1sfr!2sfr\" width=\"800\" height=\"450\" frameborder=\"0\" style=\"border:0;\" allowfullscreen=\"\" aria-hidden=\"false\" tabindex=\"0\"><\/iframe><\/p>\n<p>Centre Ecole de Parachutisme de la C\u00f4te d&#8217;Azur ( C.E.P.C.A )<br \/>\nBase de l&#8217;EAALAT<br \/>\nB.P. 8<br \/>\n83340 Le Cannet des Maures<\/p>\n<p>For any mail, please use our office direction:<\/p>\n<p>Paraclub de Cannes<br \/>\nc\/o Jean-Pierre ROUX<br \/>\n12 rue G\u00e9n\u00e9ral Ferri\u00e9<br \/>\n06400 Cannes<\/p>\n<p>&nbsp;<\/p>\n<h2>Directions<\/h2>\n<p class=\"p1\"><span class=\"s1\">From <b>Cannes<\/b>, <b>Nice<\/b>, <b>Marseille<\/b> or <b>Aix en Provence<\/b>:<\/span><\/p>\n<ul>\n<li class=\"p1\"><span class=\"s1\">Take the A8 motorway, take the A57 exit towards Toulon \/ Hyeres \/ Le Luc<\/span><\/li>\n<li class=\"p1\"><span class=\"s1\">Take exit 13-Le Cannet-des-Maures to Cogolin \/ Les Arcs \/ Vidauban \/ Le Luc<\/span><\/li>\n<li class=\"p1\"><span class=\"s1\">At the roundabout, take the 1st exit onto DN7 towards N7 \/ Draguignan \/ Fr\u00e9jus-Saint-Rapha\u00ebl \/ Vidauban \/ Les Arcs \/ Le Muy<\/span><\/li>\n<li class=\"p1\"><span class=\"s1\">Then you arrive at another roundabout, take the first right direction &#8220;EAALAT &#8211; EFA&#8221;.<\/span><\/li>\n<li class=\"p1\"><span class=\"s1\">Finally you arrive at the center school and take the path on your left.<\/span><\/li>\n<\/ul>\n<h2>General Information<\/h2>\n<p class=\"p1\"><span class=\"s1\">The field of the Cannet des Maures is located in the heart of the Var department in the Maures plain near an ancient classified medieval village.<\/span><\/p>\n<p class=\"p1\"><span class=\"s1\">It is commonly referred to the field or drop zone of the Luc, the neighboring city, better known than the Cannet.<\/span><\/p>\n<p class=\"p1\"><span class=\"s1\">It is operational on the ground occupied by the School of Light Aviation of the Army (EAALAT) and the School of Franco-German helicopter pilot.<\/span><\/p>\n<p class=\"p1\"><span class=\"s1\">It is administered by the Association called &#8220;Skydiving Centre School Riviera&#8221; (CEPCA) whose members are affiliated associations such as the Cannes Parachute Club.<\/span><\/p>\n<p class=\"p4\"><span class=\"s1\">This drop zone covers mainly the activities of skydiving clubs from Var, Alpes Maritimes and the Principality of Monaco.<\/span><\/p>\n<p class=\"p4\"><span class=\"s1\">Le Cannet des Maures is 122 km from Monaco, 100 km from Nice, 73 km from Cannes. The area is 40 km from Fr\u00e9jus, 40 km from St Tropez, 55 km from Toulon, 87 km from Aix en Provence.<\/span><\/p>\n<p class=\"p4\"><span class=\"s1\">The drop zone is 2 km from a highway exit which is at the junction of the A8 and A57. This puts the drop zone at an hour maximum from all the remote cities.<\/span><\/p>\n<p class=\"p4\"><span class=\"s1\">It is also 13 km away from the railway station of Les Arcs, serviced by major lines.<\/span><\/p>\n<p class=\"p4\"><span class=\"s1\">In flight you can see the Gulf of St Tropez, the islands of Hy\u00e8res, Esterel, the coastline of the C\u00f4te d&#8217;Azur and the Alps.<\/span><\/p>\n<p class=\"p4\"><span class=\"s1\">The plane is a Pilatus.<\/span><\/p>\n<p class=\"p4\"><span class=\"s1\">The jump altitude is at 13,500 feet (4000 meters)<\/span><\/p>\n<p class=\"p4\"><span class=\"s1\">Despite numerous warnings about its disappearance, the school center continues its activity thanks to the dedication of its leaders.<\/span><\/p>\n","protected":false},"excerpt":{"rendered":"<p>Centre Ecole de Parachutisme de la C\u00f4te d&#8217;Azur ( C.E.P.C.A ) Base de l&#8217;EAALAT B.P. 8 83340 Le Cannet des Maures For any mail, please use our office direction: Paraclub de Cannes c\/o Jean-Pierre ROUX 12 rue G\u00e9n\u00e9ral Ferri\u00e9 06400 Cannes &nbsp; Directions From Cannes, Nice, Marseille or Aix en[&#8230;]<\/p>\n","protected":false},"author":4,"featured_media":148,"parent":0,"menu_order":0,"comment_status":"open","ping_status":"open","template":"template-contact.php","meta":[],"yoast_head":"<!-- This site is optimized with the Yoast SEO plugin v16.4 - https:\/\/yoast.com\/wordpress\/plugins\/seo\/ -->\n<title>Le Cannet des Maures, Le Luc Drop Zone | Cannes Parachute Club<\/title>\n<meta name=\"description\" content=\"Cannes Parachute Club operates on the platform of Luc located in Le Cannet des Maures. The aerodrome Cannet des Maures is located in the heart of the Var department in the Maures plain near an ancient classified medieval village.\" \/>\n<meta name=\"robots\" content=\"index, follow, max-snippet:-1, max-image-preview:large, max-video-preview:-1\" \/>\n<link rel=\"canonical\" href=\"http:\/\/www.parachute-club-cannes.com\/en\/le-luc-cannet-des-maures\/\" \/>\n<meta property=\"og:locale\" content=\"en_US\" \/>\n<meta property=\"og:type\" content=\"article\" \/>\n<meta property=\"og:title\" content=\"Le Cannet des Maures, Le Luc Drop Zone | Cannes Parachute Club\" \/>\n<meta property=\"og:description\" content=\"Cannes Parachute Club operates on the platform of Luc located in Le Cannet des Maures. The aerodrome Cannet des Maures is located in the heart of the Var department in the Maures plain near an ancient classified medieval village.\" \/>\n<meta property=\"og:url\" content=\"http:\/\/www.parachute-club-cannes.com\/en\/le-luc-cannet-des-maures\/\" \/>\n<meta property=\"og:site_name\" content=\"Parachute Club Cannes\" \/>\n<meta property=\"article:modified_time\" content=\"2020-12-17T11:41:15+00:00\" \/>\n<meta property=\"og:image\" content=\"http:\/\/www.parachute-club-cannes.com\/wp-content\/uploads\/2014\/09\/G0012285.jpeg\" \/>\n\t<meta property=\"og:image:width\" content=\"4000\" \/>\n\t<meta property=\"og:image:height\" content=\"3000\" \/>\n<meta name=\"twitter:card\" content=\"summary_large_image\" \/>\n<meta name=\"twitter:label1\" content=\"Est. reading time\" \/>\n\t<meta name=\"twitter:data1\" content=\"2 minutes\" \/>\n<script type=\"application\/ld+json\" class=\"yoast-schema-graph\">{\"@context\":\"https:\/\/schema.org\",\"@graph\":[{\"@type\":\"WebSite\",\"@id\":\"http:\/\/www.parachute-club-cannes.com\/#website\",\"url\":\"http:\/\/www.parachute-club-cannes.com\/\",\"name\":\"Parachute Club Cannes\",\"description\":\"\",\"potentialAction\":[{\"@type\":\"SearchAction\",\"target\":\"http:\/\/www.parachute-club-cannes.com\/?s={search_term_string}\",\"query-input\":\"required name=search_term_string\"}],\"inLanguage\":\"en-US\"},{\"@type\":\"ImageObject\",\"@id\":\"http:\/\/www.parachute-club-cannes.com\/en\/le-luc-cannet-des-maures\/#primaryimage\",\"inLanguage\":\"en-US\",\"url\":\"https:\/\/www.parachute-club-cannes.com\/wp-content\/uploads\/2014\/09\/G0012285.jpeg\",\"contentUrl\":\"https:\/\/www.parachute-club-cannes.com\/wp-content\/uploads\/2014\/09\/G0012285.jpeg\",\"width\":4000,\"height\":3000},{\"@type\":\"WebPage\",\"@id\":\"http:\/\/www.parachute-club-cannes.com\/en\/le-luc-cannet-des-maures\/#webpage\",\"url\":\"http:\/\/www.parachute-club-cannes.com\/en\/le-luc-cannet-des-maures\/\",\"name\":\"Le Cannet des Maures, Le Luc Drop Zone | Cannes Parachute Club\",\"isPartOf\":{\"@id\":\"http:\/\/www.parachute-club-cannes.com\/#website\"},\"primaryImageOfPage\":{\"@id\":\"http:\/\/www.parachute-club-cannes.com\/en\/le-luc-cannet-des-maures\/#primaryimage\"},\"datePublished\":\"2014-09-11T21:06:14+00:00\",\"dateModified\":\"2020-12-17T11:41:15+00:00\",\"description\":\"Cannes Parachute Club operates on the platform of Luc located in Le Cannet des Maures. The aerodrome Cannet des Maures is located in the heart of the Var department in the Maures plain near an ancient classified medieval village.\",\"breadcrumb\":{\"@id\":\"http:\/\/www.parachute-club-cannes.com\/en\/le-luc-cannet-des-maures\/#breadcrumb\"},\"inLanguage\":\"en-US\",\"potentialAction\":[{\"@type\":\"ReadAction\",\"target\":[\"http:\/\/www.parachute-club-cannes.com\/en\/le-luc-cannet-des-maures\/\"]}]},{\"@type\":\"BreadcrumbList\",\"@id\":\"http:\/\/www.parachute-club-cannes.com\/en\/le-luc-cannet-des-maures\/#breadcrumb\",\"itemListElement\":[{\"@type\":\"ListItem\",\"position\":1,\"item\":{\"@type\":\"WebPage\",\"@id\":\"https:\/\/www.parachute-club-cannes.com\/en\/\",\"url\":\"https:\/\/www.parachute-club-cannes.com\/en\/\",\"name\":\"Accueil\"}},{\"@type\":\"ListItem\",\"position\":2,\"item\":{\"@id\":\"http:\/\/www.parachute-club-cannes.com\/en\/le-luc-cannet-des-maures\/#webpage\"}}]}]}<\/script>\n<!-- \/ Yoast SEO plugin. -->","_links":{"self":[{"href":"https:\/\/www.parachute-club-cannes.com\/en\/wp-json\/wp\/v2\/pages\/294"}],"collection":[{"href":"https:\/\/www.parachute-club-cannes.com\/en\/wp-json\/wp\/v2\/pages"}],"about":[{"href":"https:\/\/www.parachute-club-cannes.com\/en\/wp-json\/wp\/v2\/types\/page"}],"author":[{"embeddable":true,"href":"https:\/\/www.parachute-club-cannes.com\/en\/wp-json\/wp\/v2\/users\/4"}],"replies":[{"embeddable":true,"href":"https:\/\/www.parachute-club-cannes.com\/en\/wp-json\/wp\/v2\/comments?post=294"}],"version-history":[{"count":3,"href":"https:\/\/www.parachute-club-cannes.com\/en\/wp-json\/wp\/v2\/pages\/294\/revisions"}],"predecessor-version":[{"id":671,"href":"https:\/\/www.parachute-club-cannes.com\/en\/wp-json\/wp\/v2\/pages\/294\/revisions\/671"}],"wp:featuredmedia":[{"embeddable":true,"href":"https:\/\/www.parachute-club-cannes.com\/en\/wp-json\/wp\/v2\/media\/148"}],"wp:attachment":[{"href":"https:\/\/www.parachute-club-cannes.com\/en\/wp-json\/wp\/v2\/media?parent=294"}],"curies":[{"name":"wp","href":"https:\/\/api.w.org\/{rel}","templated":true}]}}